{"id":1106,"date":"2023-05-02T14:03:07","date_gmt":"2023-05-02T12:03:07","guid":{"rendered":"http:\/\/sunrise.bonet.systems\/uvodna-stranka\/"},"modified":"2023-05-02T14:03:07","modified_gmt":"2023-05-02T12:03:07","slug":"uvodna-stranka","status":"publish","type":"page","link":"https:\/\/sunrise.bonet.systems\/en\/","title":{"rendered":"\u00davodn\u00e1 str\u00e1nka"},"content":{"rendered":"<section  class=\"position-relative animation py-lg-5\"  style=\"background: #2d2e3d\">\n\t        <div class=\"animation position-absolute top-0 end-0 h-100 w-100 d-none d-lg-block text-end overflow-hidden\" data-path=\"https:\/\/sunrise.bonet.systems\/wp-content\/uploads\/2023\/06\/home_fill.json\"><\/div>\n        <div class=\"container position-relative py-5\">\n\t\t<div class=\"row py-5\">\n\t\t\t<div class=\"col-xl-5 col-lg-6 pt-5\">\n\t\t\t\t<h1 class=\"display-3 text-bonet--white mb-5\">100 % skill,<br \/>0 % om\u00e1\u010dka<\/h1>\n\t\t\t\t<p class=\"lead text-bonet--white mb-5\">Dizajn, spr\u00e1va a integr\u00e1cia syt\u00e9mov poctivo a bez zbyto\u010dnost\u00ed.<\/p>\n\t\t\t\t<div class=\"d-flex flex-column flex-sm-row gap-4 mb-5\">\n\t\t\t\t\t\t\t\t\t\t\t\t<a href=\"#form\" class=\"btn btn-lg btn-bonet--primary\" data-select=\"migr\u00e1ciu z\/do cloud\" target=\"_self\" role=\"button\">Ozvite sa n\u00e1m<\/a>\n\t\t\t\t\t\t\t\t\t\t\t\t\t\t<\/div>\n\t\t\t\t\t\t\t<\/div>\n\t\t<\/div>\n\t<\/div>\n<\/section>\n\n\n<section  class=\"py-5 text-center\"  >\n\t<div class=\"container pt-lg-5\">\n\t\t<div class=\"row justify-content-center\">\n\t\t\t<div class=\"col-md-10\">\n\t\t\t\t\t\t\t\t                    <p class=\"lead mb-5\">D\u00f4veruj\u00fa n\u00e1m<\/p>\n                \t\t\t<\/div>\n\t\t<\/div>\n\t<\/div>\n\t<div class=\"container-fluid\">\n\t\t<div class=\"row align-items-center justify-content-center pb-lg-5\">\n\t\t\t\t\t\t\t\t\t<div class=\"col-xl-2 col-lg-3 col-md-4 col-6 my-3\">\n\t\t\t\t\t\t\t<img decoding=\"async\" class=\"mw-100\" src=\"https:\/\/i0.wp.com\/sunrise.bonet.systems\/wp-content\/uploads\/2023\/03\/eset1.png?fit=95%2C37&#038;ssl=1\"  srcset=\"https:\/\/sunrise.bonet.systems\/wp-content\/uploads\/2023\/03\/eset1@2x.png 2x\"  alt=\"\" \/>\n\t\t\t\t\t\t<\/div>\n\t\t\t\t\t\t\t\t\t\t<div class=\"col-xl-2 col-lg-3 col-md-4 col-6 my-3\">\n\t\t\t\t\t\t\t<img decoding=\"async\" class=\"mw-100\" src=\"https:\/\/i0.wp.com\/sunrise.bonet.systems\/wp-content\/uploads\/2023\/05\/dennikn-n-grey.png?fit=36%2C36&#038;ssl=1\"  srcset=\"https:\/\/sunrise.bonet.systems\/wp-content\/uploads\/2023\/05\/dennikn-n-grey@2x.png 2x\"  alt=\"\" \/>\n\t\t\t\t\t\t<\/div>\n\t\t\t\t\t\t\t\t\t\t<div class=\"col-xl-2 col-lg-3 col-md-4 col-6 my-3\">\n\t\t\t\t\t\t\t<img decoding=\"async\" class=\"mw-100\" src=\"https:\/\/i0.wp.com\/sunrise.bonet.systems\/wp-content\/uploads\/2023\/03\/telekom.png?fit=88%2C43&#038;ssl=1\"  srcset=\"https:\/\/sunrise.bonet.systems\/wp-content\/uploads\/2023\/03\/telekom@2x.png 2x\"  alt=\"\" \/>\n\t\t\t\t\t\t<\/div>\n\t\t\t\t\t\t\t\t\t\t<div class=\"col-xl-2 col-lg-3 col-md-4 col-6 my-3\">\n\t\t\t\t\t\t\t<img decoding=\"async\" class=\"mw-100\" src=\"https:\/\/i0.wp.com\/sunrise.bonet.systems\/wp-content\/uploads\/2023\/03\/bigmedia1.png?fit=194%2C37&#038;ssl=1\"  srcset=\"https:\/\/sunrise.bonet.systems\/wp-content\/uploads\/2023\/03\/bigmedia1@2x.png 2x\"  alt=\"\" \/>\n\t\t\t\t\t\t<\/div>\n\t\t\t\t\t\t<\/div>\n\t<\/div>\n<\/section>\n\n\n<section  class=\"py-5 bg-bonet--grey-light-1\">\n\t<div class=\"container\">\n\t\t<div class=\"row text-center py-lg-5\">\n\t\t\t<div class=\"col-xxl-7 col-xl-7 col-lg-7 col-md-8 mx-auto\">\n\t\t\t\t<h3 class=\"mb-4 text-bonet--grey-ultradark\">Kompletn\u00e9 rie\u0161enia od overen\u00fdch profesion\u00e1lov<\/h3>\n\t\t\t<\/div>\n\t\t<\/div>\n\t\t<div class=\"row\">\n\t\t\t\t\t\t\t\t<div class=\"col-lg-4 mb-4\">\n\t\t\t\t\t\t<div class=\"bg-bonet--white h-100 p-4 pb-0 d-flex flex-column justify-content-between\">\n\t\t\t\t\t\t\t<div class=\"m-2\">\n\t\t\t\t\t\t\t\t<img decoding=\"async\" class=\"pb-3\" src=\"https:\/\/sunrise.bonet.systems\/wp-content\/uploads\/2023\/04\/icon-cloud.svg\" alt=\"\" \/>\n\t\t\t\t\t\t\t\t<h4 class=\"display-5 text-bonet--blue-ultradark pb-4\">Cloud slu\u017eby<\/h4>\n\t\t\t\t\t\t\t<\/div>\n\t\t\t\t\t\t\t<div class=\"m-2\">\n\t\t\t\t\t\t\t\t<ul class=\"bonet--list\">\n\t\t\t\t\t\t\t\t\t\t\t\t\t\t\t\t\t\t\t\t<li>IaaS<\/li>\n\t\t\t\t\t\t\t\t\t\t\t\t\t\t\t\t\t\t\t\t\t<li>PaaS<\/li>\n\t\t\t\t\t\t\t\t\t\t\t\t\t\t\t\t\t\t<\/ul>\n\t\t\t\t\t\t\t<\/div>\n\t\t\t\t\t\t<\/div>\n\t\t\t\t\t<\/div>\n\t\t\t\t\t\t\t\t\t<div class=\"col-lg-4 mb-4\">\n\t\t\t\t\t\t<div class=\"bg-bonet--white h-100 p-4 pb-0 d-flex flex-column justify-content-between\">\n\t\t\t\t\t\t\t<div class=\"m-2\">\n\t\t\t\t\t\t\t\t<img decoding=\"async\" class=\"pb-3\" src=\"https:\/\/sunrise.bonet.systems\/wp-content\/uploads\/2023\/04\/icon-managed.svg\" alt=\"\" \/>\n\t\t\t\t\t\t\t\t<h4 class=\"display-5 text-bonet--blue-ultradark pb-4\">Mana\u017eov\u00e1n\u00e9 slu\u017eby<\/h4>\n\t\t\t\t\t\t\t<\/div>\n\t\t\t\t\t\t\t<div class=\"m-2\">\n\t\t\t\t\t\t\t\t<ul class=\"bonet--list\">\n\t\t\t\t\t\t\t\t\t\t\t\t\t\t\t\t\t\t\t\t<li>Sie\u0165<\/li>\n\t\t\t\t\t\t\t\t\t\t\t\t\t\t\t\t\t\t\t\t\t<li>Servery<\/li>\n\t\t\t\t\t\t\t\t\t\t\t\t\t\t\t\t\t\t\t\t\t<li>Bezpe\u010dnos\u0165<\/li>\n\t\t\t\t\t\t\t\t\t\t\t\t\t\t\t\t\t\t<\/ul>\n\t\t\t\t\t\t\t<\/div>\n\t\t\t\t\t\t<\/div>\n\t\t\t\t\t<\/div>\n\t\t\t\t\t\t\t\t\t<div class=\"col-lg-4 mb-4\">\n\t\t\t\t\t\t<div class=\"bg-bonet--white h-100 p-4 pb-0 d-flex flex-column justify-content-between\">\n\t\t\t\t\t\t\t<div class=\"m-2\">\n\t\t\t\t\t\t\t\t<img decoding=\"async\" class=\"pb-3\" src=\"https:\/\/sunrise.bonet.systems\/wp-content\/uploads\/2023\/04\/icon-professional.svg\" alt=\"\" \/>\n\t\t\t\t\t\t\t\t<h4 class=\"display-5 text-bonet--blue-ultradark pb-4\">Profesion\u00e1lne slu\u017eby<\/h4>\n\t\t\t\t\t\t\t<\/div>\n\t\t\t\t\t\t\t<div class=\"m-2\">\n\t\t\t\t\t\t\t\t<ul class=\"bonet--list\">\n\t\t\t\t\t\t\t\t\t\t\t\t\t\t\t\t\t\t\t\t<li>Architekt\u00fara<\/li>\n\t\t\t\t\t\t\t\t\t\t\t\t\t\t\t\t\t\t\t\t\t<li>Dizajn siete<\/li>\n\t\t\t\t\t\t\t\t\t\t\t\t\t\t\t\t\t\t\t\t\t<li>Integr\u00e1cia syst\u00e9mov<\/li>\n\t\t\t\t\t\t\t\t\t\t\t\t\t\t\t\t\t\t\t\t\t<li>Implement\u00e1cia a podpora prev\u00e1dzky<\/li>\n\t\t\t\t\t\t\t\t\t\t\t\t\t\t\t\t\t\t<\/ul>\n\t\t\t\t\t\t\t<\/div>\n\t\t\t\t\t\t<\/div>\n\t\t\t\t\t<\/div>\n\t\t\t\t\t\t<\/div>\n\t\t<div class=\"row pb-lg-5 pt-lg-2 justify-content-end\">\n\t\t\t<div class=\"col-lg-4\">\n\t\t\t\t<div class=\"bg-bonet--white p-4 d-flex gap-3 align-items-center\">\n\t\t\t\t\t<div class=\"m-2\">\n\t\t\t\t\t\t<img decoding=\"async\" src=\"https:\/\/sunrise.bonet.systems\/wp-content\/themes\/bonet\/assets\/helpers\/Avatar.svg\" alt=\"\" \/>\n\t\t\t\t\t<\/div>\n\t\t\t\t\t<div class=\"m-2\">\n\t\t\t\t\t\t<p class=\"text-bonet--blue-ultradark m-0\"><strong>Potrebujete poradi\u0165?<\/strong><\/p>\n\t\t\t\t\t\t\t\t\t\t\t\t\t<a href=\"#form\" target=\"_self\">Nap\u00ed\u0161te n\u00e1m<\/a>\n\t\t\t\t\t\t\t\t\t\t\t<\/div>\n\t\t\t\t<\/div>\n\t\t\t<\/div>\n\t\t<\/div>\n\t<\/div>\n<\/section>\n\n\n\n<section  class=\"py-5  quote-dot-slider \" >\n\t<div class=\"container py-lg-5  slider\" >\n\n\t\t\t\t\t\t<div class=\"row data-cat \" data-id=\"M\u00e9di\u00e1\">\n\t\t\t\t\t<div class=\"col-12\">\n\t\t\t\t\t\t<div class=\"row align-items-stretch ordered\">\n\t\t\t\t\t\t\t<div class=\"col-lg-6\">\n\t\t\t\t\t\t\t\t<div class=\"position-relative h-100\">\n\t\t\t\t                    \t\t\t\t\t\t\t\t\t    <img decoding=\"async\" class=\"w-100 h-100 mw-100 object-fit-cover\" src=\"https:\/\/i0.wp.com\/sunrise.bonet.systems\/wp-content\/uploads\/2023\/04\/Photo.jpg?fit=816%2C689&#038;ssl=1\"  srcset=\"https:\/\/sunrise.bonet.systems\/wp-content\/uploads\/2023\/04\/Photo@2x.png 2x\"  alt=\"\" \/>\n\t\t\t\t                                                        \t\t\t\t\t\t\t\t\t\t<div class=\"position-absolute top-0 end-0 m-2\">\n\t\t\t\t\t\t\t\t\t\t\t<img decoding=\"async\" class=\"w-100 mw-100 rounded-4 shadow bg-bonet--white p-3\" src=\"https:\/\/i0.wp.com\/sunrise.bonet.systems\/wp-content\/uploads\/2023\/05\/dennikn-1.png?fit=131%2C36&#038;ssl=1\"  srcset=\"https:\/\/sunrise.bonet.systems\/wp-content\/uploads\/2023\/05\/dennikn@2x-1.png 2x\"  alt=\"\" \/>\n\t\t\t\t\t\t\t\t\t\t<\/div>\n\t\t\t\t\t\t\t\t\t\t\t\t\t\t\t\t\t<\/div>\n\t\t\t\t\t\t\t<\/div>\n\t\t\t\t\t\t\t<div class=\"col-xxl-4 col-xl-5 col-lg-6 offset-xxl-1 mt-lg-0 mt-5\">\n\t\t\t\t                \t\t\t\t\t\t\t\t    <div class=\"d-inline-block bg-bonet--grey-light-2 mb-4 py-1 px-2 text-bonet--blue-ultradark\"><small>M\u00e9di\u00e1<\/small><\/div>\n\t\t\t\t                                                <h4 class=\"display-5 text-bonet--grey-ultradark mb-4\">Komplexn\u00e1 infra\u0161trukt\u00fara Denn\u00edka N<\/h4>\n\t\t\t\t\t\t\t\t<p class=\"mb-4\">&#8220;V\u010faka Bonetu sme dok\u00e1zali v roku 2014 za p\u00e1r dn\u00ed spusti\u0165 n\u00e1\u0161 prv\u00fd proviz\u00f3rny web, dnes v\u010faka Bonetu vieme zvl\u00e1dnu\u0165 na rovnakom webe n\u00e1v\u0161tevnos\u0165 a\u017e 750 tis\u00edc unik\u00e1tnych \u010ditate\u013eov denne. Oce\u0148ujeme nielen r\u00fdchlos\u0165 reakci\u00ed na ak\u00e9ko\u013evek po\u017eiadavky a schopnos\u0165 rie\u0161i\u0165 zlo\u017eit\u00e9 technick\u00e9 probl\u00e9my, ale aj etick\u00fd pr\u00edstup k podnikaniu.&#8221;<\/p>\n\t\t\t\t\t\t\t\t<p class=\"mb-0\"><strong>Tom\u00e1\u0161 Bella<\/strong><\/p>\n\t\t\t\t\t\t\t\t<p class=\"mb-4\"><small>\u010dlen predstavenstva a \u0161\u00e9f webu Denn\u00edka N<\/small><\/p>\n\t\t\t\t\t\t\t\t<div class=\"w-25 bg-bonet--grey-dark-1\" style=\"height: 1px; max-width: 102px;\"><\/div>\n                                \t\t\t\t\t\t\t\t\t\t\t\t\t\t\t<\/div>\n\t\t\t\t\t\t<\/div>\n\t\t\t\t\t<\/div>\n\t\t\t\t<\/div>\n\t\t\t\t\t\t\t<div class=\"row data-cat \" data-id=\"M\u00e9di\u00e1\">\n\t\t\t\t\t<div class=\"col-12\">\n\t\t\t\t\t\t<div class=\"row align-items-stretch ordered\">\n\t\t\t\t\t\t\t<div class=\"col-lg-6\">\n\t\t\t\t\t\t\t\t<div class=\"position-relative h-100\">\n\t\t\t\t                    \t\t\t\t\t\t\t\t\t    <img decoding=\"async\" class=\"w-100 h-100 mw-100 object-fit-cover\" src=\"https:\/\/i0.wp.com\/sunrise.bonet.systems\/wp-content\/uploads\/2023\/05\/petit.jpg?fit=1706%2C1207&#038;ssl=1\"   alt=\"\" \/>\n\t\t\t\t                                                        \t\t\t\t\t\t\t\t\t\t<div class=\"position-absolute top-0 end-0 m-2\">\n\t\t\t\t\t\t\t\t\t\t\t<img decoding=\"async\" class=\"w-100 mw-100 rounded-4 shadow bg-bonet--white p-3\" src=\"https:\/\/i0.wp.com\/sunrise.bonet.systems\/wp-content\/uploads\/2023\/05\/petitpress.png?fit=141%2C40&#038;ssl=1\"   alt=\"\" \/>\n\t\t\t\t\t\t\t\t\t\t<\/div>\n\t\t\t\t\t\t\t\t\t\t\t\t\t\t\t\t\t<\/div>\n\t\t\t\t\t\t\t<\/div>\n\t\t\t\t\t\t\t<div class=\"col-xxl-4 col-xl-5 col-lg-6 offset-xxl-1 mt-lg-0 mt-5\">\n\t\t\t\t                \t\t\t\t\t\t\t\t    <div class=\"d-inline-block bg-bonet--grey-light-2 mb-4 py-1 px-2 text-bonet--blue-ultradark\"><small>M\u00e9di\u00e1<\/small><\/div>\n\t\t\t\t                                                <h4 class=\"display-5 text-bonet--grey-ultradark mb-4\">N\u00e1vrh a realiz\u00e1cie sie\u0165ov\u00fdch rie\u0161en\u00ed pre Petit Press<\/h4>\n\t\t\t\t\t\t\t\t<p class=\"mb-4\">&#8220;Bonet je vynikaj\u00faci partner hlavne pre jeho schopnos\u0165 vyrie\u0161i\u0165 nielen \u0161tandardn\u00e9 sie\u0165ov\u00e9 po\u017eiadavky, ale predov\u0161etk\u00fdm tie menej obvykl\u00e9. \u00dastretovos\u0165 a ochota len dotv\u00e1raj\u00fa spr\u00e1vny pocit, \u017ee sa m\u00f4\u017eeme na Bonet v\u017edy spo\u013eahn\u00fa\u0165.&#8221;<\/p>\n\t\t\t\t\t\t\t\t<p class=\"mb-0\"><strong>Miroslav Polni\u0161<\/strong><\/p>\n\t\t\t\t\t\t\t\t<p class=\"mb-4\"><small>CIO, Petit Press, a. s.<\/small><\/p>\n\t\t\t\t\t\t\t\t<div class=\"w-25 bg-bonet--grey-dark-1\" style=\"height: 1px; max-width: 102px;\"><\/div>\n                                \t\t\t\t\t\t\t\t\t\t\t\t\t\t\t<\/div>\n\t\t\t\t\t\t<\/div>\n\t\t\t\t\t<\/div>\n\t\t\t\t<\/div>\n\t\t\t\t\t\t\t<div class=\"row data-cat \" data-id=\"Retail\">\n\t\t\t\t\t<div class=\"col-12\">\n\t\t\t\t\t\t<div class=\"row align-items-stretch ordered\">\n\t\t\t\t\t\t\t<div class=\"col-lg-6\">\n\t\t\t\t\t\t\t\t<div class=\"position-relative h-100\">\n\t\t\t\t                    \t\t\t\t\t\t\t\t\t    <img decoding=\"async\" class=\"w-100 h-100 mw-100 object-fit-cover\" src=\"https:\/\/i0.wp.com\/sunrise.bonet.systems\/wp-content\/uploads\/2023\/05\/dracik-1.jpg?fit=1706%2C1137&#038;ssl=1\"   alt=\"\" \/>\n\t\t\t\t                                                        \t\t\t\t\t\t\t\t\t\t<div class=\"position-absolute top-0 end-0 m-2\">\n\t\t\t\t\t\t\t\t\t\t\t<img decoding=\"async\" class=\"w-100 mw-100 rounded-4 shadow bg-bonet--white p-3\" src=\"https:\/\/i0.wp.com\/sunrise.bonet.systems\/wp-content\/uploads\/2023\/05\/dracik.png?fit=141%2C33&#038;ssl=1\"   alt=\"\" \/>\n\t\t\t\t\t\t\t\t\t\t<\/div>\n\t\t\t\t\t\t\t\t\t\t\t\t\t\t\t\t\t<\/div>\n\t\t\t\t\t\t\t<\/div>\n\t\t\t\t\t\t\t<div class=\"col-xxl-4 col-xl-5 col-lg-6 offset-xxl-1 mt-lg-0 mt-5\">\n\t\t\t\t                \t\t\t\t\t\t\t\t    <div class=\"d-inline-block bg-bonet--grey-light-2 mb-4 py-1 px-2 text-bonet--blue-ultradark\"><small>Retail<\/small><\/div>\n\t\t\t\t                                                <h4 class=\"display-5 text-bonet--grey-ultradark mb-4\">Kompletn\u00fd Manage Services pre zn\u00e1me hra\u010dk\u00e1rstvo <\/h4>\n\t\t\t\t\t\t\t\t<p class=\"mb-4\">&#8220;U\u017e dlh\u00e9 roky opierame na\u0161e technick\u00e9 z\u00e1zemie v spolupr\u00e1ci pr\u00e1ve o rie\u0161enia navrhnut\u00e9 a udr\u017eiavan\u00e9 firmou Bonet. Rovnako ako pred rokmi tak aj teraz sa ukazuje, \u017ee to bolo v\u00fdborn\u00e9 rozhodnutie.&#8221;<\/p>\n\t\t\t\t\t\t\t\t<p class=\"mb-0\"><strong>J\u00e1n I\u0161a<\/strong><\/p>\n\t\t\t\t\t\t\t\t<p class=\"mb-4\"><small>Tinaco, spol. s. r. o. | CIO<\/small><\/p>\n\t\t\t\t\t\t\t\t<div class=\"w-25 bg-bonet--grey-dark-1\" style=\"height: 1px; max-width: 102px;\"><\/div>\n                                \t\t\t\t\t\t\t\t\t\t\t\t\t\t\t<\/div>\n\t\t\t\t\t\t<\/div>\n\t\t\t\t\t<\/div>\n\t\t\t\t<\/div>\n\t\t\t\t\t\t\t<div class=\"row data-cat \" data-id=\"IT Sektor\">\n\t\t\t\t\t<div class=\"col-12\">\n\t\t\t\t\t\t<div class=\"row align-items-stretch ordered\">\n\t\t\t\t\t\t\t<div class=\"col-lg-6\">\n\t\t\t\t\t\t\t\t<div class=\"position-relative h-100\">\n\t\t\t\t                    \t\t\t\t\t\t\t\t\t    <img decoding=\"async\" class=\"w-100 h-100 mw-100 object-fit-cover\" src=\"https:\/\/i0.wp.com\/sunrise.bonet.systems\/wp-content\/uploads\/2023\/05\/esoul-1.jpg?fit=1706%2C960&#038;ssl=1\"   alt=\"\" \/>\n\t\t\t\t                                                        \t\t\t\t\t\t\t\t\t\t<div class=\"position-absolute top-0 end-0 m-2\">\n\t\t\t\t\t\t\t\t\t\t\t<img decoding=\"async\" class=\"w-100 mw-100 rounded-4 shadow bg-bonet--white p-3\" src=\"https:\/\/i0.wp.com\/sunrise.bonet.systems\/wp-content\/uploads\/2023\/05\/esoul.png?fit=116%2C34&#038;ssl=1\"   alt=\"\" \/>\n\t\t\t\t\t\t\t\t\t\t<\/div>\n\t\t\t\t\t\t\t\t\t\t\t\t\t\t\t\t\t<\/div>\n\t\t\t\t\t\t\t<\/div>\n\t\t\t\t\t\t\t<div class=\"col-xxl-4 col-xl-5 col-lg-6 offset-xxl-1 mt-lg-0 mt-5\">\n\t\t\t\t                \t\t\t\t\t\t\t\t    <div class=\"d-inline-block bg-bonet--grey-light-2 mb-4 py-1 px-2 text-bonet--blue-ultradark\"><small>IT Sektor<\/small><\/div>\n\t\t\t\t                                                <h4 class=\"display-5 text-bonet--grey-ultradark mb-4\">Webov\u00e1 infra\u0161trukt\u00fara pre eSoul systems <\/h4>\n\t\t\t\t\t\t\t\t<p class=\"mb-4\">&#8220;Sme mal\u00e1 softv\u00e9rov\u00e1 spolo\u010dnos\u0165 a na starostlivos\u0165 o server sme nikdy nemali dedikovan\u00e9ho \u010dloveka. Bolo to v\u0161ak \u010dasto d\u00f4vodom nedostupnosti na\u0161ich slu\u017eieb. Bonet n\u00e1m cel\u00fa infra\u0161trukt\u00faru kompletne navrhol a prebral starostlivos\u0165, v\u010faka \u010domu sa my m\u00f4\u017eeme s\u00fastredi\u0165 len na na\u0161e produkty. Komunik\u00e1cia je proakt\u00edvna a r\u00fdchla, sme spokojn\u00ed.&#8221; <\/p>\n\t\t\t\t\t\t\t\t<p class=\"mb-0\"><strong>Mat\u00fa\u0161 Mirossay Demeter<\/strong><\/p>\n\t\t\t\t\t\t\t\t<p class=\"mb-4\"><small>CTO &#038;\u00a0Senior Data Analyst, eSoul s. r. o.<\/small><\/p>\n\t\t\t\t\t\t\t\t<div class=\"w-25 bg-bonet--grey-dark-1\" style=\"height: 1px; max-width: 102px;\"><\/div>\n                                \t\t\t\t\t\t\t\t\t\t\t\t\t\t\t<\/div>\n\t\t\t\t\t\t<\/div>\n\t\t\t\t\t<\/div>\n\t\t\t\t<\/div>\n\t\t\t\t<\/div>\n\t\t\t<div class=\"container pb-lg-5\">\n\t\t\t<div class=\"row mt-5\">\n\t\t\t\t<div class=\"col text-center\">\n\t\t\t\t\t<a href=\"http:\/\/sunrise.bonet.systems\/referencie\/\" class=\"btn btn-lg btn-light\" target=\"_self\" role=\"button\">V\u0161etky referencie<\/a>\n\t\t\t\t<\/div>\n\t\t\t<\/div>\n\t\t<\/div>\n\t<\/section>\n\n\n\n<section  class=\"py-5\">\n\t<div class=\"container\">\n\t\t<div class=\"row\">\n\t\t\t<div class=\"col-12\">\n\t\t\t\t<p class=\"lead mb-4 text-bonet--grey-ultradark\">Sme hrd\u00fdmi partnermi<\/p>\n\t\t\t<\/div>\n\t\t<\/div>\n\t\t<div class=\"row\">\n\t\t\t\t\t\t\t\t<div class=\"col-md-4 mb-3\">\n\t\t\t\t\t\t<div class=\"p-4 h-100 bg-bonet--grey-light-2 d-flex justify-content-center align-items-center\" style=\"min-height: 200px;\">\n\t\t\t\t\t\t\t<img decoding=\"async\" src=\"https:\/\/i0.wp.com\/sunrise.bonet.systems\/wp-content\/uploads\/2023\/03\/cisco1.png?fit=93%2C51&#038;ssl=1\"  srcset=\"https:\/\/sunrise.bonet.systems\/wp-content\/uploads\/2023\/03\/cisco1@2x.png 2x\"  alt=\"\" \/>\n\t\t\t\t\t\t<\/div>\n\t\t\t\t\t<\/div>\n\t\t\t\t\t\t\t\t\t<div class=\"col-md-4 mb-3\">\n\t\t\t\t\t\t<div class=\"p-4 h-100 bg-bonet--grey-light-2 d-flex justify-content-center align-items-center\" style=\"min-height: 200px;\">\n\t\t\t\t\t\t\t<img decoding=\"async\" src=\"https:\/\/i0.wp.com\/sunrise.bonet.systems\/wp-content\/uploads\/2023\/03\/paloalto.png?fit=126%2C43&#038;ssl=1\"  srcset=\"https:\/\/sunrise.bonet.systems\/wp-content\/uploads\/2023\/03\/paloalto@2x.png 2x\"  alt=\"\" \/>\n\t\t\t\t\t\t<\/div>\n\t\t\t\t\t<\/div>\n\t\t\t\t\t\t\t\t\t<div class=\"col-md-4 mb-3\">\n\t\t\t\t\t\t<div class=\"p-4 h-100 bg-bonet--grey-light-2 d-flex justify-content-center align-items-center\" style=\"min-height: 200px;\">\n\t\t\t\t\t\t\t<img decoding=\"async\" src=\"https:\/\/i0.wp.com\/sunrise.bonet.systems\/wp-content\/uploads\/2023\/03\/fortinet.png?fit=176%2C23&#038;ssl=1\"  srcset=\"https:\/\/sunrise.bonet.systems\/wp-content\/uploads\/2023\/03\/fortinet@2x.png 2x\"  alt=\"\" \/>\n\t\t\t\t\t\t<\/div>\n\t\t\t\t\t<\/div>\n\t\t\t\t\t\t<\/div>\n\t<\/div>\n<\/section>\n","protected":false},"excerpt":{"rendered":"","protected":false},"author":2,"featured_media":0,"parent":0,"menu_order":0,"comment_status":"closed","ping_status":"closed","template":"","meta":{"inline_featured_image":false,"footnotes":""},"class_list":["post-1106","page","type-page","status-publish","hentry"],"acf":[],"_links":{"self":[{"href":"https:\/\/sunrise.bonet.systems\/en\/wp-json\/wp\/v2\/pages\/1106","targetHints":{"allow":["GET"]}}],"collection":[{"href":"https:\/\/sunrise.bonet.systems\/en\/wp-json\/wp\/v2\/pages"}],"about":[{"href":"https:\/\/sunrise.bonet.systems\/en\/wp-json\/wp\/v2\/types\/page"}],"author":[{"embeddable":true,"href":"https:\/\/sunrise.bonet.systems\/en\/wp-json\/wp\/v2\/users\/2"}],"replies":[{"embeddable":true,"href":"https:\/\/sunrise.bonet.systems\/en\/wp-json\/wp\/v2\/comments?post=1106"}],"version-history":[{"count":0,"href":"https:\/\/sunrise.bonet.systems\/en\/wp-json\/wp\/v2\/pages\/1106\/revisions"}],"wp:attachment":[{"href":"https:\/\/sunrise.bonet.systems\/en\/wp-json\/wp\/v2\/media?parent=1106"}],"curies":[{"name":"wp","href":"https:\/\/api.w.org\/{rel}","templated":true}]}}